{"id":20764,"date":"2025-02-06T08:50:36","date_gmt":"2025-02-06T08:50:36","guid":{"rendered":"https:\/\/nextbestx.com\/dmswine\/?page_id=20764"},"modified":"2025-02-28T04:28:15","modified_gmt":"2025-02-28T04:28:15","slug":"domaine-houchart","status":"publish","type":"page","link":"https:\/\/nextbestx.com\/dmswine\/estates\/domaine-houchart\/","title":{"rendered":"Domaine Houchart"},"content":{"rendered":"\t\t<div data-elementor-type=\"wp-page\" data-elementor-id=\"20764\" class=\"elementor elementor-20764\" data-elementor-post-type=\"page\">\n\t\t\t\t\t\t<section class=\"elementor-section elementor-top-section elementor-element elementor-element-8370e5c elementor-section-boxed elementor-section-height-default elementor-section-height-default sc_fly_static\" data-id=\"8370e5c\" data-element_type=\"section\">\n\t\t\t\t\t\t<div class=\"elementor-container elementor-column-gap-extended\">\n\t\t\t\t\t<div class=\"elementor-column elementor-col-100 elementor-top-column elementor-element elementor-element-171eed3 sc_content_align_inherit sc_layouts_column_icons_position_left sc_fly_static\" data-id=\"171eed3\" data-element_type=\"column\" data-settings=\"{&quot;background_background&quot;:&quot;classic&quot;}\">\n\t\t\t<div class=\"elementor-widget-wrap elementor-element-populated\">\n\t\t\t\t\t\t<div class=\"elementor-element elementor-element-02ac1a2 elementor--h-position-center elementor--v-position-middle elementor-arrows-position-inside elementor-pagination-position-inside sc_fly_static elementor-widget elementor-widget-slides\" data-id=\"02ac1a2\" data-element_type=\"widget\" data-settings=\"{&quot;navigation&quot;:&quot;both&quot;,&quot;autoplay&quot;:&quot;yes&quot;,&quot;pause_on_hover&quot;:&quot;yes&quot;,&quot;pause_on_interaction&quot;:&quot;yes&quot;,&quot;autoplay_speed&quot;:5000,&quot;infinite&quot;:&quot;yes&quot;,&quot;transition&quot;:&quot;slide&quot;,&quot;transition_speed&quot;:500}\" data-widget_type=\"slides.default\">\n\t\t\t\t<div class=\"elementor-widget-container\">\n\t\t\t\t\t\t\t\t\t<div class=\"elementor-swiper\">\n\t\t\t\t\t<div class=\"elementor-slides-wrapper elementor-main-swiper swiper\" role=\"region\" aria-roledescription=\"carousel\" aria-label=\"Slides\" dir=\"ltr\" data-animation=\"fadeInUp\">\n\t\t\t\t<div class=\"swiper-wrapper elementor-slides\">\n\t\t\t\t\t\t\t\t\t\t<div class=\"elementor-repeater-item-f7b98c7 swiper-slide\" role=\"group\" aria-roledescription=\"slide\"><div class=\"swiper-slide-bg\" role=\"img\"><\/div><div class=\"swiper-slide-inner\" ><div class=\"swiper-slide-contents\"><\/div><\/div><\/div><div class=\"elementor-repeater-item-38ae528 swiper-slide\" role=\"group\" aria-roledescription=\"slide\"><div class=\"swiper-slide-bg\" role=\"img\"><\/div><div class=\"swiper-slide-inner\" ><div class=\"swiper-slide-contents\"><\/div><\/div><\/div><div class=\"elementor-repeater-item-0026589 swiper-slide\" role=\"group\" aria-roledescription=\"slide\"><div class=\"swiper-slide-bg\" role=\"img\"><\/div><div class=\"swiper-slide-inner\" ><div class=\"swiper-slide-contents\"><\/div><\/div><\/div><div class=\"elementor-repeater-item-03ce853 swiper-slide\" role=\"group\" aria-roledescription=\"slide\"><div class=\"swiper-slide-bg\" role=\"img\"><\/div><div class=\"swiper-slide-inner\" ><div class=\"swiper-slide-contents\"><\/div><\/div><\/div><div class=\"elementor-repeater-item-011ae09 swiper-slide\" role=\"group\" aria-roledescription=\"slide\"><div class=\"swiper-slide-bg\" role=\"img\"><\/div><div class=\"swiper-slide-inner\" ><div class=\"swiper-slide-contents\"><\/div><\/div><\/div><div class=\"elementor-repeater-item-a398624 swiper-slide\" role=\"group\" aria-roledescription=\"slide\"><div class=\"swiper-slide-bg\" role=\"img\"><\/div><div class=\"swiper-slide-inner\" ><div class=\"swiper-slide-contents\"><\/div><\/div><\/div><div class=\"elementor-repeater-item-f884e55 swiper-slide\" role=\"group\" aria-roledescription=\"slide\"><div class=\"swiper-slide-bg\" role=\"img\"><\/div><div class=\"swiper-slide-inner\" ><div class=\"swiper-slide-contents\"><\/div><\/div><\/div><div class=\"elementor-repeater-item-8d9308f swiper-slide\" role=\"group\" aria-roledescription=\"slide\"><div class=\"swiper-slide-bg\" role=\"img\"><\/div><div class=\"swiper-slide-inner\" ><div class=\"swiper-slide-contents\"><\/div><\/div><\/div><div class=\"elementor-repeater-item-b310bd8 swiper-slide\" role=\"group\" aria-roledescription=\"slide\"><div class=\"swiper-slide-bg\" role=\"img\"><\/div><div class=\"swiper-slide-inner\" ><div class=\"swiper-slide-contents\"><\/div><\/div><\/div>\t\t\t\t<\/div>\n\t\t\t\t\t\t\t\t\t\t\t\t\t\t\t<div class=\"elementor-swiper-button elementor-swiper-button-prev\" role=\"button\" tabindex=\"0\" aria-label=\"Previous slide\">\n\t\t\t\t\t\t\t<i aria-hidden=\"true\" class=\"eicon-chevron-left\"><\/i>\t\t\t\t\t\t<\/div>\n\t\t\t\t\t\t<div class=\"elementor-swiper-button elementor-swiper-button-next\" role=\"button\" tabindex=\"0\" aria-label=\"Next slide\">\n\t\t\t\t\t\t\t<i aria-hidden=\"true\" class=\"eicon-chevron-right\"><\/i>\t\t\t\t\t\t<\/div>\n\t\t\t\t\t\t\t\t\t\t\t\t\t\t\t\t<div class=\"swiper-pagination\"><\/div>\n\t\t\t\t\t\t\t\t\t\t\t\t<\/div>\n\t\t\t\t<\/div>\n\t\t\t\t\t\t\t\t<\/div>\n\t\t\t\t<\/div>\n\t\t\t\t<section class=\"elementor-section elementor-inner-section elementor-element elementor-element-3a77f67 elementor-section-content-middle elementor-section-boxed elementor-section-height-default elementor-section-height-default sc_fly_static\" data-id=\"3a77f67\" data-element_type=\"section\">\n\t\t\t\t\t\t<div class=\"elementor-container elementor-column-gap-extended\">\n\t\t\t\t\t<div class=\"elementor-column elementor-col-50 elementor-inner-column elementor-element elementor-element-c5ede67 sc_content_align_inherit sc_layouts_column_icons_position_left sc_fly_static\" data-id=\"c5ede67\" data-element_type=\"column\">\n\t\t\t<div class=\"elementor-widget-wrap elementor-element-populated\">\n\t\t\t\t\t\t\t<\/div>\n\t\t<\/div>\n\t\t\t\t<div class=\"elementor-column elementor-col-50 elementor-inner-column elementor-element elementor-element-afa4776 sc_content_align_inherit sc_layouts_column_icons_position_left sc_fly_static\" data-id=\"afa4776\" data-element_type=\"column\">\n\t\t\t<div class=\"elementor-widget-wrap elementor-element-populated\">\n\t\t\t\t\t\t<div class=\"elementor-element elementor-element-d19daea sc_fly_static elementor-widget elementor-widget-heading\" data-id=\"d19daea\" data-element_type=\"widget\" data-widget_type=\"heading.default\">\n\t\t\t\t<div class=\"elementor-widget-container\">\n\t\t\t\t\t<h6 class=\"elementor-heading-title elementor-size-default\"><a href=\"http:\/\/www.famillequiot.com\" target=\"_blank\">www.famillequiot.com<\/a><\/h6>\t\t\t\t<\/div>\n\t\t\t\t<\/div>\n\t\t\t\t\t<\/div>\n\t\t<\/div>\n\t\t\t\t\t<\/div>\n\t\t<\/section>\n\t\t\t\t\t<\/div>\n\t\t<\/div>\n\t\t\t\t\t<\/div>\n\t\t<\/section>\n\t\t\t\t<section class=\"elementor-section-with-custom-width elementor-section elementor-top-section elementor-element elementor-element-73ce54d elementor-section-boxed elementor-section-height-default elementor-section-height-default sc_fly_static\" data-id=\"73ce54d\" data-element_type=\"section\">\n\t\t\t\t\t\t<div class=\"elementor-container elementor-column-gap-extended\">\n\t\t\t\t\t<div class=\"elementor-column elementor-col-100 elementor-top-column elementor-element elementor-element-50b76ad sc_content_align_inherit sc_layouts_column_icons_position_left sc_fly_static\" data-id=\"50b76ad\" data-element_type=\"column\" data-settings=\"{&quot;background_background&quot;:&quot;classic&quot;}\">\n\t\t\t<div class=\"elementor-widget-wrap elementor-element-populated\">\n\t\t\t\t\t<div class=\"elementor-background-overlay\"><\/div>\n\t\t\t\t\t\t<div class=\"elementor-element elementor-element-864ba6b sc_fly_static elementor-widget elementor-widget-heading\" data-id=\"864ba6b\" data-element_type=\"widget\" data-widget_type=\"heading.default\">\n\t\t\t\t<div class=\"elementor-widget-container\">\n\t\t\t\t\t<h4 class=\"elementor-heading-title elementor-size-default\">History &amp; Background<\/h4>\t\t\t\t<\/div>\n\t\t\t\t<\/div>\n\t\t\t\t<div class=\"elementor-element elementor-element-4aa6bac elementor-widget-divider--view-line sc_fly_static elementor-widget elementor-widget-divider\" data-id=\"4aa6bac\" data-element_type=\"widget\" data-widget_type=\"divider.default\">\n\t\t\t\t<div class=\"elementor-widget-container\">\n\t\t\t\t\t\t\t<div class=\"elementor-divider\">\n\t\t\t<span class=\"elementor-divider-separator\">\n\t\t\t\t\t\t<\/span>\n\t\t<\/div>\n\t\t\t\t\t\t<\/div>\n\t\t\t\t<\/div>\n\t\t\t\t<div class=\"elementor-element elementor-element-3930803 sc_fly_static elementor-widget elementor-widget-text-editor\" data-id=\"3930803\" data-element_type=\"widget\" data-widget_type=\"text-editor.default\">\n\t\t\t\t<div class=\"elementor-widget-container\">\n\t\t\t\t\t\t\t\t\t<div id=\"panel-61-1-0-0\" class=\"so-panel widget widget_black-studio-tinymce widget_black_studio_tinymce panel-first-child\" data-index=\"1\"><div class=\"textwidget\"><p>Domaine Houchart is today owned by Genevi\u00e8ve, the wife of J\u00e9r\u00f4me Quiot, having been originally acquired by her great-grandfather. During the period of the 1850&#8217;s, Aurelien Houchart was an energetic proprietor and negociant in wine, and created one of the largest domaines in Provence. Amongst the friends of Aurelien Houchart was the famous painter Cezanne, who frequently came to visit. They both remembered their time at school together.<\/p><p>Subsequently his domaine was divided between the five children, with Hilaire Houchart, Genevi\u00e8ve Quiot&#8217;s grandfather inheriting 123 acres of vines , the cellars and other agricultural buildings. In 2002\u00a0J\u00e9r\u00f4me Quiot bought the Domaine de Verlaque. This 74 acres\u00a0Domaine was owned by the Houchart family from 1898 till 1941.<\/p><\/div><\/div><div id=\"panel-61-1-0-1\" class=\"so-panel widget widget_black-studio-tinymce widget_black_studio_tinymce\" data-index=\"2\"><h3 class=\"widget-title\">Geology<\/h3><div class=\"textwidget\"><p>Because of the size of the domaine, 197 acres, it is possible to take full advantages of a wide variety of soil types, with predominantly sandy, chalky soil and deeper beds of clay and silt. This allows adequate drainage of rainfall and ensures the vines are able to produce the best possible quality.<\/p><\/div><\/div>\t\t\t\t\t\t\t\t<\/div>\n\t\t\t\t<\/div>\n\t\t\t\t\t<\/div>\n\t\t<\/div>\n\t\t\t\t\t<\/div>\n\t\t<\/section>\n\t\t\t\t<section class=\"elementor-section-with-custom-width elementor-section elementor-top-section elementor-element elementor-element-dadab94 elementor-section-boxed elementor-section-height-default elementor-section-height-default sc_fly_static\" data-id=\"dadab94\" data-element_type=\"section\">\n\t\t\t\t\t\t<div class=\"elementor-container elementor-column-gap-extended\">\n\t\t\t\t\t<div class=\"elementor-column elementor-col-100 elementor-top-column elementor-element elementor-element-5892111 sc_content_align_inherit sc_layouts_column_icons_position_left sc_fly_static\" data-id=\"5892111\" data-element_type=\"column\">\n\t\t\t<div class=\"elementor-widget-wrap elementor-element-populated\">\n\t\t\t\t\t\t<div class=\"elementor-element elementor-element-8e70a41 sc_fly_static elementor-widget elementor-widget-heading\" data-id=\"8e70a41\" data-element_type=\"widget\" data-widget_type=\"heading.default\">\n\t\t\t\t<div class=\"elementor-widget-container\">\n\t\t\t\t\t<h4 class=\"elementor-heading-title elementor-size-default\">Wines by This Estate<\/h4>\t\t\t\t<\/div>\n\t\t\t\t<\/div>\n\t\t\t\t<div class=\"elementor-element elementor-element-13b5838 elementor-widget-divider--view-line sc_fly_static elementor-widget elementor-widget-divider\" data-id=\"13b5838\" data-element_type=\"widget\" data-widget_type=\"divider.default\">\n\t\t\t\t<div class=\"elementor-widget-container\">\n\t\t\t\t\t\t\t<div class=\"elementor-divider\">\n\t\t\t<span class=\"elementor-divider-separator\">\n\t\t\t\t\t\t<\/span>\n\t\t<\/div>\n\t\t\t\t\t\t<\/div>\n\t\t\t\t<\/div>\n\t\t\t\t<div class=\"elementor-element elementor-element-0eb90e5 customwine sc_fly_static elementor-widget elementor-widget-trx_sc_services\" data-id=\"0eb90e5\" data-element_type=\"widget\" data-widget_type=\"trx_sc_services.default\">\n\t\t\t\t<div class=\"elementor-widget-container\">\n\t\t\t\t\t<div class=\"sc_services color_style_link2 sc_services_accent sc_services_featured_top\"><div  class=\"sc_services_slider sc_item_slider slider_swiper_outer slider_outer slider_outer_controls slider_outer_controls_side slider_outer_nopagination slider_outer_nocentered slider_outer_overflow_hidden slider_outer_multi\">\n\t<div  data-slides-per-view-breakpoints=\"{&quot;999999&quot;:3}\" data-slides-space-breakpoints=\"{&quot;999999&quot;:0}\" class=\"slider_container swiper-slider-container slider_swiper slider_noresize slider_controls slider_controls_side slider_nopagination slider_nocentered slider_overflow_hidden slider_multi\" data-slides-per-view=\"3\" data-effect=\"slide\" data-slides-min-width=\"200\" data-pagination=\"bullets\" data-direction=\"horizontal\" data-mouse-wheel=\"0\" data-autoplay=\"1\" data-loop=\"1\" data-free-mode=\"0\" data-slides-centered=\"0\" data-slides-overflow=\"0\">\n\t\t<div class=\"slides slider-wrapper swiper-wrapper sc_item_columns_3\"><div class=\"slider-slide swiper-slide\"><div data-post-id=\"20767\" class=\"sc_services_item sc_item_container post_container without_content with_image sc_services_item_featured_top post-20767 page type-page status-publish has-post-thumbnail hentry\" data-item-number=\"1\"\r\n>\r\n\t<div class=\"post_featured with_thumb hover_link sc_services_item_thumb\"><img decoding=\"async\" width=\"100\" height=\"300\" src=\"https:\/\/nextbestx.com\/dmswine\/wp-content\/uploads\/2025\/02\/Packshot_Houchart_Tradition_Blanc_BVS-342x1024-1-100x300.png\" class=\"attachment-medium size-medium wp-post-image\" alt=\"\" srcset=\"https:\/\/nextbestx.com\/dmswine\/wp-content\/uploads\/2025\/02\/Packshot_Houchart_Tradition_Blanc_BVS-342x1024-1-100x300.png 100w, https:\/\/nextbestx.com\/dmswine\/wp-content\/uploads\/2025\/02\/Packshot_Houchart_Tradition_Blanc_BVS-342x1024-1.png 342w\" sizes=\"(max-width: 100px) 100vw, 100px\" \/>\t\t\t\t\t\t<div class=\"mask\"><\/div>\r\n\t\t\t\t\t\t<a class=\"post_link sc_services_item_link\" href=\"https:\/\/nextbestx.com\/dmswine\/estates\/domaine-houchart\/cotes-de-provence-blanc\/\"><\/a>\t\t\t<a href=\"https:\/\/nextbestx.com\/dmswine\/estates\/domaine-houchart\/cotes-de-provence-blanc\/\"  aria-hidden=\"true\" class=\"link\"><\/a>\r\n\t\t\t<\/div>\t\r\n\t<div class=\"sc_services_item_info\">\r\n\t\t\t\t<div class=\"sc_services_item_header\">\r\n\t\t\t\t\t\t<h4 class=\"sc_services_item_title entry-title\"><a href=\"https:\/\/nextbestx.com\/dmswine\/estates\/domaine-houchart\/cotes-de-provence-blanc\/\">C\u00f4tes de Provence Blanc<\/a><\/h4>\r\n            \t\t<\/div>\r\n\t\t        <div class=\"sc_services_item_button sc_item_button\">\r\n            <a href=\"https:\/\/nextbestx.com\/dmswine\/estates\/domaine-houchart\/cotes-de-provence-blanc\/\" class=\"sc_services_item_more_link\">\r\n                <span class=\"link_text\">Read more<\/span><span class=\"link_icon\"><\/span>\r\n            <\/a>\r\n            <\/div><\/div><a class=\"sc_services_item_link\" href=\"https:\/\/nextbestx.com\/dmswine\/estates\/domaine-houchart\/cotes-de-provence-blanc\/\"><\/a><\/div>\r\n<\/div><div class=\"slider-slide swiper-slide\"><div data-post-id=\"20768\" class=\"sc_services_item sc_item_container post_container without_content with_image sc_services_item_featured_top post-20768 page type-page status-publish has-post-thumbnail hentry\" data-item-number=\"2\"\r\n>\r\n\t<div class=\"post_featured with_thumb hover_link sc_services_item_thumb\"><img decoding=\"async\" width=\"100\" height=\"300\" src=\"https:\/\/nextbestx.com\/dmswine\/wp-content\/uploads\/2025\/02\/hrose-100x300.png\" class=\"attachment-medium size-medium wp-post-image\" alt=\"\" srcset=\"https:\/\/nextbestx.com\/dmswine\/wp-content\/uploads\/2025\/02\/hrose-100x300.png 100w, https:\/\/nextbestx.com\/dmswine\/wp-content\/uploads\/2025\/02\/hrose-343x1024.png 343w, https:\/\/nextbestx.com\/dmswine\/wp-content\/uploads\/2025\/02\/hrose-514x1536.png 514w, https:\/\/nextbestx.com\/dmswine\/wp-content\/uploads\/2025\/02\/hrose-370x1105.png 370w, https:\/\/nextbestx.com\/dmswine\/wp-content\/uploads\/2025\/02\/hrose-410x1225.png 410w, https:\/\/nextbestx.com\/dmswine\/wp-content\/uploads\/2025\/02\/hrose-600x1792.png 600w, https:\/\/nextbestx.com\/dmswine\/wp-content\/uploads\/2025\/02\/hrose.png 678w\" sizes=\"(max-width: 100px) 100vw, 100px\" \/>\t\t\t\t\t\t<div class=\"mask\"><\/div>\r\n\t\t\t\t\t\t<a class=\"post_link sc_services_item_link\" href=\"https:\/\/nextbestx.com\/dmswine\/estates\/domaine-houchart\/cotes-de-provence-rose\/\"><\/a>\t\t\t<a href=\"https:\/\/nextbestx.com\/dmswine\/estates\/domaine-houchart\/cotes-de-provence-rose\/\"  aria-hidden=\"true\" class=\"link\"><\/a>\r\n\t\t\t<\/div>\t\r\n\t<div class=\"sc_services_item_info\">\r\n\t\t\t\t<div class=\"sc_services_item_header\">\r\n\t\t\t\t\t\t<h4 class=\"sc_services_item_title entry-title\"><a href=\"https:\/\/nextbestx.com\/dmswine\/estates\/domaine-houchart\/cotes-de-provence-rose\/\">C\u00f4tes de Provence Ros\u00e9<\/a><\/h4>\r\n            \t\t<\/div>\r\n\t\t        <div class=\"sc_services_item_button sc_item_button\">\r\n            <a href=\"https:\/\/nextbestx.com\/dmswine\/estates\/domaine-houchart\/cotes-de-provence-rose\/\" class=\"sc_services_item_more_link\">\r\n                <span class=\"link_text\">Read more<\/span><span class=\"link_icon\"><\/span>\r\n            <\/a>\r\n            <\/div><\/div><a class=\"sc_services_item_link\" href=\"https:\/\/nextbestx.com\/dmswine\/estates\/domaine-houchart\/cotes-de-provence-rose\/\"><\/a><\/div>\r\n<\/div><div class=\"slider-slide swiper-slide\"><div data-post-id=\"20766\" class=\"sc_services_item sc_item_container post_container without_content with_image sc_services_item_featured_top post-20766 page type-page status-publish has-post-thumbnail hentry\" data-item-number=\"3\"\r\n>\r\n\t<div class=\"post_featured with_thumb hover_link sc_services_item_thumb\"><img decoding=\"async\" width=\"100\" height=\"300\" src=\"https:\/\/nextbestx.com\/dmswine\/wp-content\/uploads\/2025\/02\/Houchart-rouge-1-100x300.png\" class=\"attachment-medium size-medium wp-post-image\" alt=\"\" srcset=\"https:\/\/nextbestx.com\/dmswine\/wp-content\/uploads\/2025\/02\/Houchart-rouge-1-100x300.png 100w, https:\/\/nextbestx.com\/dmswine\/wp-content\/uploads\/2025\/02\/Houchart-rouge-1.png 213w\" sizes=\"(max-width: 100px) 100vw, 100px\" \/>\t\t\t\t\t\t<div class=\"mask\"><\/div>\r\n\t\t\t\t\t\t<a class=\"post_link sc_services_item_link\" href=\"https:\/\/nextbestx.com\/dmswine\/estates\/domaine-houchart\/cotes-de-provence-rouge\/\"><\/a>\t\t\t<a href=\"https:\/\/nextbestx.com\/dmswine\/estates\/domaine-houchart\/cotes-de-provence-rouge\/\"  aria-hidden=\"true\" class=\"link\"><\/a>\r\n\t\t\t<\/div>\t\r\n\t<div class=\"sc_services_item_info\">\r\n\t\t\t\t<div class=\"sc_services_item_header\">\r\n\t\t\t\t\t\t<h4 class=\"sc_services_item_title entry-title\"><a href=\"https:\/\/nextbestx.com\/dmswine\/estates\/domaine-houchart\/cotes-de-provence-rouge\/\">C\u00f4tes de Provence Rouge<\/a><\/h4>\r\n            \t\t<\/div>\r\n\t\t        <div class=\"sc_services_item_button sc_item_button\">\r\n            <a href=\"https:\/\/nextbestx.com\/dmswine\/estates\/domaine-houchart\/cotes-de-provence-rouge\/\" class=\"sc_services_item_more_link\">\r\n                <span class=\"link_text\">Read more<\/span><span class=\"link_icon\"><\/span>\r\n            <\/a>\r\n            <\/div><\/div><a class=\"sc_services_item_link\" href=\"https:\/\/nextbestx.com\/dmswine\/estates\/domaine-houchart\/cotes-de-provence-rouge\/\"><\/a><\/div>\r\n<\/div><div class=\"slider-slide swiper-slide\"><div data-post-id=\"20769\" class=\"sc_services_item sc_item_container post_container without_content with_image sc_services_item_featured_top post-20769 page type-page status-publish has-post-thumbnail hentry\" data-item-number=\"4\"\r\n>\r\n\t<div class=\"post_featured with_thumb hover_link sc_services_item_thumb\"><img loading=\"lazy\" decoding=\"async\" width=\"76\" height=\"300\" src=\"https:\/\/nextbestx.com\/dmswine\/wp-content\/uploads\/2025\/02\/Houchart-St-Victoirenewnovint-1-76x300.jpg\" class=\"attachment-medium size-medium wp-post-image\" alt=\"\" srcset=\"https:\/\/nextbestx.com\/dmswine\/wp-content\/uploads\/2025\/02\/Houchart-St-Victoirenewnovint-1-76x300.jpg 76w, https:\/\/nextbestx.com\/dmswine\/wp-content\/uploads\/2025\/02\/Houchart-St-Victoirenewnovint-1-260x1024.jpg 260w, https:\/\/nextbestx.com\/dmswine\/wp-content\/uploads\/2025\/02\/Houchart-St-Victoirenewnovint-1.jpg 275w\" sizes=\"(max-width: 76px) 100vw, 76px\" \/>\t\t\t\t\t\t<div class=\"mask\"><\/div>\r\n\t\t\t\t\t\t<a class=\"post_link sc_services_item_link\" href=\"https:\/\/nextbestx.com\/dmswine\/estates\/domaine-houchart\/sainte-victoire-rose\/\"><\/a>\t\t\t<a href=\"https:\/\/nextbestx.com\/dmswine\/estates\/domaine-houchart\/sainte-victoire-rose\/\"  aria-hidden=\"true\" class=\"link\"><\/a>\r\n\t\t\t<\/div>\t\r\n\t<div class=\"sc_services_item_info\">\r\n\t\t\t\t<div class=\"sc_services_item_header\">\r\n\t\t\t\t\t\t<h4 class=\"sc_services_item_title entry-title\"><a href=\"https:\/\/nextbestx.com\/dmswine\/estates\/domaine-houchart\/sainte-victoire-rose\/\">Sainte-Victoire Ros\u00e9<\/a><\/h4>\r\n            \t\t<\/div>\r\n\t\t        <div class=\"sc_services_item_button sc_item_button\">\r\n            <a href=\"https:\/\/nextbestx.com\/dmswine\/estates\/domaine-houchart\/sainte-victoire-rose\/\" class=\"sc_services_item_more_link\">\r\n                <span class=\"link_text\">Read more<\/span><span class=\"link_icon\"><\/span>\r\n            <\/a>\r\n            <\/div><\/div><a class=\"sc_services_item_link\" href=\"https:\/\/nextbestx.com\/dmswine\/estates\/domaine-houchart\/sainte-victoire-rose\/\"><\/a><\/div>\r\n<\/div><\/div><div class=\"slider_controls_wrap\"><a class=\"slider_prev swiper-button-prev\" href=\"#\"><\/a><a class=\"slider_next swiper-button-next\" href=\"#\"><\/a><\/div><\/div><\/div><\/div>\t\t\t\t<\/div>\n\t\t\t\t<\/div>\n\t\t\t\t\t<\/div>\n\t\t<\/div>\n\t\t\t\t\t<\/div>\n\t\t<\/section>\n\t\t\t\t<\/div>\n\t\t","protected":false},"excerpt":{"rendered":"<p>www.famillequiot.com History &amp; Background Domaine Houchart is today owned by Genevi\u00e8ve, the wife of J\u00e9r\u00f4me Quiot, having been originally acquired by her great-grandfather. During the period of the 1850&#8217;s, Aurelien&hellip;<\/p>\n","protected":false},"author":2,"featured_media":26377,"parent":20112,"menu_order":0,"comment_status":"closed","ping_status":"closed","template":"elementor_header_footer","meta":{"footnotes":""},"class_list":["post-20764","page","type-page","status-publish","has-post-thumbnail","hentry"],"_links":{"self":[{"href":"https:\/\/nextbestx.com\/dmswine\/wp-json\/wp\/v2\/pages\/20764","targetHints":{"allow":["GET"]}}],"collection":[{"href":"https:\/\/nextbestx.com\/dmswine\/wp-json\/wp\/v2\/pages"}],"about":[{"href":"https:\/\/nextbestx.com\/dmswine\/wp-json\/wp\/v2\/types\/page"}],"author":[{"embeddable":true,"href":"https:\/\/nextbestx.com\/dmswine\/wp-json\/wp\/v2\/users\/2"}],"replies":[{"embeddable":true,"href":"https:\/\/nextbestx.com\/dmswine\/wp-json\/wp\/v2\/comments?post=20764"}],"version-history":[{"count":28,"href":"https:\/\/nextbestx.com\/dmswine\/wp-json\/wp\/v2\/pages\/20764\/revisions"}],"predecessor-version":[{"id":26715,"href":"https:\/\/nextbestx.com\/dmswine\/wp-json\/wp\/v2\/pages\/20764\/revisions\/26715"}],"up":[{"embeddable":true,"href":"https:\/\/nextbestx.com\/dmswine\/wp-json\/wp\/v2\/pages\/20112"}],"wp:featuredmedia":[{"embeddable":true,"href":"https:\/\/nextbestx.com\/dmswine\/wp-json\/wp\/v2\/media\/26377"}],"wp:attachment":[{"href":"https:\/\/nextbestx.com\/dmswine\/wp-json\/wp\/v2\/media?parent=20764"}],"curies":[{"name":"wp","href":"https:\/\/api.w.org\/{rel}","templated":true}]}}