{"id":20630,"date":"2025-02-06T07:45:17","date_gmt":"2025-02-06T07:45:17","guid":{"rendered":"https:\/\/nextbestx.com\/dmswine\/?page_id=20630"},"modified":"2025-02-28T04:19:06","modified_gmt":"2025-02-28T04:19:06","slug":"louise-benoit","status":"publish","type":"page","link":"https:\/\/nextbestx.com\/dmswine\/estates\/louise-benoit\/","title":{"rendered":"Louise Benoit"},"content":{"rendered":"\t\t<div data-elementor-type=\"wp-page\" data-elementor-id=\"20630\" class=\"elementor elementor-20630\" data-elementor-post-type=\"page\">\n\t\t\t\t\t\t<section class=\"elementor-section elementor-top-section elementor-element elementor-element-8370e5c elementor-section-boxed elementor-section-height-default elementor-section-height-default sc_fly_static\" data-id=\"8370e5c\" data-element_type=\"section\">\n\t\t\t\t\t\t<div class=\"elementor-container elementor-column-gap-extended\">\n\t\t\t\t\t<div class=\"elementor-column elementor-col-100 elementor-top-column elementor-element elementor-element-171eed3 sc_content_align_inherit sc_layouts_column_icons_position_left sc_fly_static\" data-id=\"171eed3\" data-element_type=\"column\" data-settings=\"{&quot;background_background&quot;:&quot;classic&quot;}\">\n\t\t\t<div class=\"elementor-widget-wrap elementor-element-populated\">\n\t\t\t\t\t\t<div class=\"elementor-element elementor-element-02ac1a2 elementor--h-position-center elementor--v-position-middle elementor-arrows-position-inside elementor-pagination-position-inside sc_fly_static elementor-widget elementor-widget-slides\" data-id=\"02ac1a2\" data-element_type=\"widget\" data-settings=\"{&quot;navigation&quot;:&quot;both&quot;,&quot;autoplay&quot;:&quot;yes&quot;,&quot;pause_on_hover&quot;:&quot;yes&quot;,&quot;pause_on_interaction&quot;:&quot;yes&quot;,&quot;autoplay_speed&quot;:5000,&quot;infinite&quot;:&quot;yes&quot;,&quot;transition&quot;:&quot;slide&quot;,&quot;transition_speed&quot;:500}\" data-widget_type=\"slides.default\">\n\t\t\t\t<div class=\"elementor-widget-container\">\n\t\t\t\t\t\t\t\t\t<div class=\"elementor-swiper\">\n\t\t\t\t\t<div class=\"elementor-slides-wrapper elementor-main-swiper swiper\" role=\"region\" aria-roledescription=\"carousel\" aria-label=\"Slides\" dir=\"ltr\" data-animation=\"fadeInUp\">\n\t\t\t\t<div class=\"swiper-wrapper elementor-slides\">\n\t\t\t\t\t\t\t\t\t\t<div class=\"elementor-repeater-item-f7b98c7 swiper-slide\" role=\"group\" aria-roledescription=\"slide\"><div class=\"swiper-slide-bg\" role=\"img\"><\/div><div class=\"swiper-slide-inner\" ><div class=\"swiper-slide-contents\"><\/div><\/div><\/div><div class=\"elementor-repeater-item-38ae528 swiper-slide\" role=\"group\" aria-roledescription=\"slide\"><div class=\"swiper-slide-bg\" role=\"img\"><\/div><div class=\"swiper-slide-inner\" ><div class=\"swiper-slide-contents\"><\/div><\/div><\/div><div class=\"elementor-repeater-item-0026589 swiper-slide\" role=\"group\" aria-roledescription=\"slide\"><div class=\"swiper-slide-bg\" role=\"img\"><\/div><div class=\"swiper-slide-inner\" ><div class=\"swiper-slide-contents\"><\/div><\/div><\/div><div class=\"elementor-repeater-item-1e7b60d swiper-slide\" role=\"group\" aria-roledescription=\"slide\"><div class=\"swiper-slide-bg\" role=\"img\"><\/div><div class=\"swiper-slide-inner\" ><div class=\"swiper-slide-contents\"><\/div><\/div><\/div><div class=\"elementor-repeater-item-347e43a swiper-slide\" role=\"group\" aria-roledescription=\"slide\"><div class=\"swiper-slide-bg\" role=\"img\"><\/div><div class=\"swiper-slide-inner\" ><div class=\"swiper-slide-contents\"><\/div><\/div><\/div>\t\t\t\t<\/div>\n\t\t\t\t\t\t\t\t\t\t\t\t\t\t\t<div class=\"elementor-swiper-button elementor-swiper-button-prev\" role=\"button\" tabindex=\"0\" aria-label=\"Previous slide\">\n\t\t\t\t\t\t\t<i aria-hidden=\"true\" class=\"eicon-chevron-left\"><\/i>\t\t\t\t\t\t<\/div>\n\t\t\t\t\t\t<div class=\"elementor-swiper-button elementor-swiper-button-next\" role=\"button\" tabindex=\"0\" aria-label=\"Next slide\">\n\t\t\t\t\t\t\t<i aria-hidden=\"true\" class=\"eicon-chevron-right\"><\/i>\t\t\t\t\t\t<\/div>\n\t\t\t\t\t\t\t\t\t\t\t\t\t\t\t\t<div class=\"swiper-pagination\"><\/div>\n\t\t\t\t\t\t\t\t\t\t\t\t<\/div>\n\t\t\t\t<\/div>\n\t\t\t\t\t\t\t\t<\/div>\n\t\t\t\t<\/div>\n\t\t\t\t<section class=\"elementor-section elementor-inner-section elementor-element elementor-element-8036c2c elementor-section-content-middle elementor-section-boxed elementor-section-height-default elementor-section-height-default sc_fly_static\" data-id=\"8036c2c\" data-element_type=\"section\">\n\t\t\t\t\t\t<div class=\"elementor-container elementor-column-gap-extended\">\n\t\t\t\t\t<div class=\"elementor-column elementor-col-50 elementor-inner-column elementor-element elementor-element-5e07026 sc_content_align_inherit sc_layouts_column_icons_position_left sc_fly_static\" data-id=\"5e07026\" data-element_type=\"column\">\n\t\t\t<div class=\"elementor-widget-wrap elementor-element-populated\">\n\t\t\t\t\t\t\t<\/div>\n\t\t<\/div>\n\t\t\t\t<div class=\"elementor-column elementor-col-50 elementor-inner-column elementor-element elementor-element-9445c33 sc_content_align_inherit sc_layouts_column_icons_position_left sc_fly_static\" data-id=\"9445c33\" data-element_type=\"column\">\n\t\t\t<div class=\"elementor-widget-wrap\">\n\t\t\t\t\t\t\t<\/div>\n\t\t<\/div>\n\t\t\t\t\t<\/div>\n\t\t<\/section>\n\t\t\t\t\t<\/div>\n\t\t<\/div>\n\t\t\t\t\t<\/div>\n\t\t<\/section>\n\t\t\t\t<section class=\"elementor-section-with-custom-width elementor-section elementor-top-section elementor-element elementor-element-73ce54d elementor-section-boxed elementor-section-height-default elementor-section-height-default sc_fly_static\" data-id=\"73ce54d\" data-element_type=\"section\">\n\t\t\t\t\t\t<div class=\"elementor-container elementor-column-gap-extended\">\n\t\t\t\t\t<div class=\"elementor-column elementor-col-100 elementor-top-column elementor-element elementor-element-50b76ad sc_content_align_inherit sc_layouts_column_icons_position_left sc_fly_static\" data-id=\"50b76ad\" data-element_type=\"column\" data-settings=\"{&quot;background_background&quot;:&quot;classic&quot;}\">\n\t\t\t<div class=\"elementor-widget-wrap elementor-element-populated\">\n\t\t\t\t\t<div class=\"elementor-background-overlay\"><\/div>\n\t\t\t\t\t\t<div class=\"elementor-element elementor-element-864ba6b sc_fly_static elementor-widget elementor-widget-heading\" data-id=\"864ba6b\" data-element_type=\"widget\" data-widget_type=\"heading.default\">\n\t\t\t\t<div class=\"elementor-widget-container\">\n\t\t\t\t\t<h4 class=\"elementor-heading-title elementor-size-default\">History &amp; Background<\/h4>\t\t\t\t<\/div>\n\t\t\t\t<\/div>\n\t\t\t\t<div class=\"elementor-element elementor-element-4aa6bac elementor-widget-divider--view-line sc_fly_static elementor-widget elementor-widget-divider\" data-id=\"4aa6bac\" data-element_type=\"widget\" data-widget_type=\"divider.default\">\n\t\t\t\t<div class=\"elementor-widget-container\">\n\t\t\t\t\t\t\t<div class=\"elementor-divider\">\n\t\t\t<span class=\"elementor-divider-separator\">\n\t\t\t\t\t\t<\/span>\n\t\t<\/div>\n\t\t\t\t\t\t<\/div>\n\t\t\t\t<\/div>\n\t\t\t\t<div class=\"elementor-element elementor-element-3930803 sc_fly_static elementor-widget elementor-widget-text-editor\" data-id=\"3930803\" data-element_type=\"widget\" data-widget_type=\"text-editor.default\">\n\t\t\t\t<div class=\"elementor-widget-container\">\n\t\t\t\t\t\t\t\t\tStephane Guillemin has been making his own wine since 2007. He practices sustainable agriculture and cares for 21 hectare in the towns of Cless\u00e9, Vir\u00e9, P\u00e9ronne and Verz\u00e9. Louise Benoit is a special cuvee made from a blending of his different Macons and presents a special more floral style.\t\t\t\t\t\t\t\t<\/div>\n\t\t\t\t<\/div>\n\t\t\t\t\t<\/div>\n\t\t<\/div>\n\t\t\t\t\t<\/div>\n\t\t<\/section>\n\t\t\t\t<section class=\"elementor-section-with-custom-width elementor-section elementor-top-section elementor-element elementor-element-dadab94 elementor-section-boxed elementor-section-height-default elementor-section-height-default sc_fly_static\" data-id=\"dadab94\" data-element_type=\"section\">\n\t\t\t\t\t\t<div class=\"elementor-container elementor-column-gap-extended\">\n\t\t\t\t\t<div class=\"elementor-column elementor-col-100 elementor-top-column elementor-element elementor-element-5892111 sc_content_align_inherit sc_layouts_column_icons_position_left sc_fly_static\" data-id=\"5892111\" data-element_type=\"column\">\n\t\t\t<div class=\"elementor-widget-wrap elementor-element-populated\">\n\t\t\t\t\t\t<div class=\"elementor-element elementor-element-8e70a41 sc_fly_static elementor-widget elementor-widget-heading\" data-id=\"8e70a41\" data-element_type=\"widget\" data-widget_type=\"heading.default\">\n\t\t\t\t<div class=\"elementor-widget-container\">\n\t\t\t\t\t<h4 class=\"elementor-heading-title elementor-size-default\">Wines by This Estate<\/h4>\t\t\t\t<\/div>\n\t\t\t\t<\/div>\n\t\t\t\t<div class=\"elementor-element elementor-element-13b5838 elementor-widget-divider--view-line sc_fly_static elementor-widget elementor-widget-divider\" data-id=\"13b5838\" data-element_type=\"widget\" data-widget_type=\"divider.default\">\n\t\t\t\t<div class=\"elementor-widget-container\">\n\t\t\t\t\t\t\t<div class=\"elementor-divider\">\n\t\t\t<span class=\"elementor-divider-separator\">\n\t\t\t\t\t\t<\/span>\n\t\t<\/div>\n\t\t\t\t\t\t<\/div>\n\t\t\t\t<\/div>\n\t\t\t\t<div class=\"elementor-element elementor-element-97ad160 customwine sc_fly_static elementor-widget elementor-widget-trx_sc_services\" data-id=\"97ad160\" data-element_type=\"widget\" data-widget_type=\"trx_sc_services.default\">\n\t\t\t\t<div class=\"elementor-widget-container\">\n\t\t\t\t\t<div class=\"sc_services color_style_link2 sc_services_accent sc_services_featured_top\"><div class=\"sc_services_columns_wrap sc_item_columns sc_item_posts_container sc_item_columns_3 trx_addons_columns_wrap columns_padding_bottom columns_in_single_row\"><div class=\"trx_addons_column-1_3\"><div data-post-id=\"20632\" class=\"sc_services_item sc_item_container post_container without_content with_image sc_services_item_featured_top post-20632 page type-page status-publish has-post-thumbnail hentry\" data-item-number=\"1\"\r\n>\r\n\t<div class=\"post_featured with_thumb hover_link sc_services_item_thumb\"><img fetchpriority=\"high\" decoding=\"async\" width=\"232\" height=\"300\" src=\"https:\/\/nextbestx.com\/dmswine\/wp-content\/uploads\/2025\/02\/Lucie_ProductShot_MaconVillagesChardonnay2020-1-1-232x300.png\" class=\"attachment-medium size-medium wp-post-image\" alt=\"\" srcset=\"https:\/\/nextbestx.com\/dmswine\/wp-content\/uploads\/2025\/02\/Lucie_ProductShot_MaconVillagesChardonnay2020-1-1-232x300.png 232w, https:\/\/nextbestx.com\/dmswine\/wp-content\/uploads\/2025\/02\/Lucie_ProductShot_MaconVillagesChardonnay2020-1-1-791x1024.png 791w, https:\/\/nextbestx.com\/dmswine\/wp-content\/uploads\/2025\/02\/Lucie_ProductShot_MaconVillagesChardonnay2020-1-1-768x994.png 768w, https:\/\/nextbestx.com\/dmswine\/wp-content\/uploads\/2025\/02\/Lucie_ProductShot_MaconVillagesChardonnay2020-1-1-1187x1536.png 1187w, https:\/\/nextbestx.com\/dmswine\/wp-content\/uploads\/2025\/02\/Lucie_ProductShot_MaconVillagesChardonnay2020-1-1-370x479.png 370w, https:\/\/nextbestx.com\/dmswine\/wp-content\/uploads\/2025\/02\/Lucie_ProductShot_MaconVillagesChardonnay2020-1-1-840x1087.png 840w, https:\/\/nextbestx.com\/dmswine\/wp-content\/uploads\/2025\/02\/Lucie_ProductShot_MaconVillagesChardonnay2020-1-1-410x531.png 410w, https:\/\/nextbestx.com\/dmswine\/wp-content\/uploads\/2025\/02\/Lucie_ProductShot_MaconVillagesChardonnay2020-1-1-600x777.png 600w, https:\/\/nextbestx.com\/dmswine\/wp-content\/uploads\/2025\/02\/Lucie_ProductShot_MaconVillagesChardonnay2020-1-1.png 1545w\" sizes=\"(max-width: 232px) 100vw, 232px\" \/>\t\t\t\t\t\t<div class=\"mask\"><\/div>\r\n\t\t\t\t\t\t<a class=\"post_link sc_services_item_link\" href=\"https:\/\/nextbestx.com\/dmswine\/estates\/louise-benoit\/macon-villages-2\/\"><\/a>\t\t\t<a href=\"https:\/\/nextbestx.com\/dmswine\/estates\/louise-benoit\/macon-villages-2\/\"  aria-hidden=\"true\" class=\"link\"><\/a>\r\n\t\t\t<\/div>\t\r\n\t<div class=\"sc_services_item_info\">\r\n\t\t\t\t<div class=\"sc_services_item_header\">\r\n\t\t\t\t\t\t<h4 class=\"sc_services_item_title entry-title\"><a href=\"https:\/\/nextbestx.com\/dmswine\/estates\/louise-benoit\/macon-villages-2\/\">Macon Villages<\/a><\/h4>\r\n            \t\t<\/div>\r\n\t\t        <div class=\"sc_services_item_button sc_item_button\">\r\n            <a href=\"https:\/\/nextbestx.com\/dmswine\/estates\/louise-benoit\/macon-villages-2\/\" class=\"sc_services_item_more_link\">\r\n                <span class=\"link_text\">Read more<\/span><span class=\"link_icon\"><\/span>\r\n            <\/a>\r\n            <\/div><\/div><a class=\"sc_services_item_link\" href=\"https:\/\/nextbestx.com\/dmswine\/estates\/louise-benoit\/macon-villages-2\/\"><\/a><\/div>\r\n<\/div><\/div><\/div>\t\t\t\t<\/div>\n\t\t\t\t<\/div>\n\t\t\t\t\t<\/div>\n\t\t<\/div>\n\t\t\t\t\t<\/div>\n\t\t<\/section>\n\t\t\t\t<\/div>\n\t\t","protected":false},"excerpt":{"rendered":"<p>History &amp; Background Stephane Guillemin has been making his own wine since 2007. He practices sustainable agriculture and cares for 21 hectare in the towns of Cless\u00e9, Vir\u00e9, P\u00e9ronne and&hellip;<\/p>\n","protected":false},"author":2,"featured_media":26391,"parent":20112,"menu_order":0,"comment_status":"closed","ping_status":"closed","template":"elementor_header_footer","meta":{"footnotes":""},"class_list":["post-20630","page","type-page","status-publish","has-post-thumbnail","hentry"],"_links":{"self":[{"href":"https:\/\/nextbestx.com\/dmswine\/wp-json\/wp\/v2\/pages\/20630","targetHints":{"allow":["GET"]}}],"collection":[{"href":"https:\/\/nextbestx.com\/dmswine\/wp-json\/wp\/v2\/pages"}],"about":[{"href":"https:\/\/nextbestx.com\/dmswine\/wp-json\/wp\/v2\/types\/page"}],"author":[{"embeddable":true,"href":"https:\/\/nextbestx.com\/dmswine\/wp-json\/wp\/v2\/users\/2"}],"replies":[{"embeddable":true,"href":"https:\/\/nextbestx.com\/dmswine\/wp-json\/wp\/v2\/comments?post=20630"}],"version-history":[{"count":22,"href":"https:\/\/nextbestx.com\/dmswine\/wp-json\/wp\/v2\/pages\/20630\/revisions"}],"predecessor-version":[{"id":26699,"href":"https:\/\/nextbestx.com\/dmswine\/wp-json\/wp\/v2\/pages\/20630\/revisions\/26699"}],"up":[{"embeddable":true,"href":"https:\/\/nextbestx.com\/dmswine\/wp-json\/wp\/v2\/pages\/20112"}],"wp:featuredmedia":[{"embeddable":true,"href":"https:\/\/nextbestx.com\/dmswine\/wp-json\/wp\/v2\/media\/26391"}],"wp:attachment":[{"href":"https:\/\/nextbestx.com\/dmswine\/wp-json\/wp\/v2\/media?parent=20630"}],"curies":[{"name":"wp","href":"https:\/\/api.w.org\/{rel}","templated":true}]}}